{"id":5364,"date":"2019-12-06T10:11:24","date_gmt":"2019-12-06T09:11:24","guid":{"rendered":"https:\/\/www.hotelsetos.es\/?page_id=5364"},"modified":"2019-12-13T17:00:27","modified_gmt":"2019-12-13T16:00:27","slug":"politica-cookies","status":"publish","type":"page","link":"https:\/\/www.hotelsetos.es\/fr\/politica-cookies\/","title":{"rendered":"Politique de cookies"},"content":{"rendered":"<p>Si vous souhaitez en savoir plus sur l&#039;utilisation des cookies par ce site\u00a0<strong>https:\/\/www.hotelsetos.es,<\/strong>\u00a0vous \u00eates au bon endroit. Ensuite, nous expliquerons ce que sont exactement les cookies; quel type de cookies nous utilisons et pour quoi; et comment vous pouvez exercer votre droit de configurer votre navigateur et de refuser l&#039;utilisation de l&#039;un d&#039;entre eux.<\/p>\n\n\n\n<p>Bien s\u00fbr, vous devez savoir que si vous d\u00e9cidez de ne pas utiliser certains cookies, ce site Web peut ne pas fonctionner parfaitement, ce qui affecte votre exp\u00e9rience utilisateur.<\/p>\n\n\n\n<p><strong>QU&#039;EST-CE QU&#039;UN COOKIE<\/strong><\/p>\n\n\n\n<p>Ongle&nbsp;<em>biscuit<\/em>&nbsp;Il s&#039;agit d&#039;un fichier qui est t\u00e9l\u00e9charg\u00e9 sur votre ordinateur lors de l&#039;acc\u00e8s \u00e0 certaines pages Web ou blogs.<\/p>\n\n\n\n<p>le&nbsp;<em>biscuits<\/em>&nbsp;Ils permettent, entre autres, \u00e0 cette page de stocker et de r\u00e9cup\u00e9rer des informations sur vos habitudes de navigation ou votre \u00e9quipement, et selon les informations qu&#039;elles contiennent et la fa\u00e7on dont vous utilisez votre \u00e9quipement, elles peuvent \u00eatre utilis\u00e9es pour vous reconna\u00eetre.<\/p>\n\n\n\n<p>Le navigateur de l&#039;utilisateur m\u00e9morise les cookies sur le disque dur uniquement pendant la session en cours, occupant un espace m\u00e9moire minimum et ne nuisant pas \u00e0 l&#039;ordinateur. Les cookies ne contiennent aucun type d&#039;informations personnelles sp\u00e9cifiques, et la plupart d&#039;entre eux sont supprim\u00e9s du disque dur \u00e0 la fin de la session du navigateur (appel\u00e9s cookies de session).<\/p>\n\n\n\n<p>La plupart des navigateurs acceptent les cookies en standard et, ind\u00e9pendamment d&#039;eux, autorisent ou emp\u00eachent les cookies temporaires ou m\u00e9moris\u00e9s dans les param\u00e8tres de s\u00e9curit\u00e9.<\/p>\n\n\n\n<p>Les cookies sont associ\u00e9s au navigateur, pas \u00e0 la personne, ils ne stockent donc g\u00e9n\u00e9ralement pas d&#039;informations sensibles vous concernant telles que les cartes de cr\u00e9dit ou les coordonn\u00e9es bancaires, les photographies ou les informations personnelles, etc. Les donn\u00e9es qu&#039;ils conservent sont techniques, statistiques, pr\u00e9f\u00e9rences personnelles, personnalisation de contenu, etc.<\/p>\n\n\n\n<p><strong>ACCEPTATION DES COOKIES: R\u00c9GLEMENTATION EN VIGUEUR<\/strong><\/p>\n\n\n\n<p>En acc\u00e9dant \u00e0 ce site Web et conform\u00e9ment \u00e0 la r\u00e9glementation en vigueur sur la protection des donn\u00e9es, nous vous informons de l&#039;utilisation de cookies, vous donnant la possibilit\u00e9 de les accepter express\u00e9ment et d&#039;acc\u00e9der \u00e0 plus d&#039;informations via cette politique de cookies.<\/p>\n\n\n\n<p>Vous devez savoir que, dans le cas de continuer \u00e0 naviguer, vous donnerez votre consentement \u00e0 l&#039;utilisation de ces cookies. Mais, \u00e0 tout moment, vous pouvez changer d&#039;avis et bloquer son utilisation via votre navigateur.<\/p>\n\n\n\n<p>Pour votre totale tranquillit\u00e9 d&#039;esprit, ce site respecte les dispositions de la r\u00e9glementation en vigueur concernant l&#039;utilisation des cookies et de vos donn\u00e9es personnelles:<\/p>\n\n\n\n<p>Le r\u00e8glement LSSI-CE (<strong>Droit de la soci\u00e9t\u00e9 de l&#039;information et du commerce \u00e9lectronique<\/strong>)<\/p>\n\n\n\n<p>Il&nbsp;<strong>RGPD&nbsp;<\/strong>(<strong>R\u00e8glement (UE) 2016\/679 du Parlement europ\u00e9en et du Conseil du 27 avril 2016 sur la protection des personnes physiques<\/strong>), qui unifie la r\u00e9glementation du traitement des donn\u00e9es \u00e0 caract\u00e8re personnel dans les pays de l&#039;UE.<\/p>\n\n\n\n<p>Cette politique de cookies peut \u00eatre modifi\u00e9e \u00e0 tout moment pour s&#039;adapter \u00e0 de nouvelles r\u00e9glementations ou \u00e0 des changements dans nos activit\u00e9s, celle publi\u00e9e \u00e0 tout moment sur le web \u00e9tant en vigueur.<\/p>\n\n\n\n<p><strong>TYPES DE COOKIES<\/strong><\/p>\n\n\n\n<p>Afin de vous offrir une meilleure exp\u00e9rience utilisateur, obtenir des donn\u00e9es analytiques, stocker et r\u00e9cup\u00e9rer des informations sur vos habitudes de navigation ou votre \u00e9quipe et exercer son activit\u00e9, ce site\u00a0<strong>https:\/\/www.hotelsetos.es<\/strong>, utilise ses propres cookies et ceux de tiers.<\/p>\n\n\n\n<p><strong>Quels types de cookies ce site Web utilise-t-il?<\/strong><\/p>\n\n\n\n<ul class=\"wp-block-list\"><li><strong>Cookies techniques<\/strong>: Ce sont ceux qui permettent \u00e0 l&#039;utilisateur de naviguer sur une page Web, une plate-forme ou une application et d&#039;utiliser les diff\u00e9rentes options ou services qui y existent, tels que, par exemple, contr\u00f4ler le trafic et la communication de donn\u00e9es, identifier la session, acc\u00e9der aux parties \u00e0 acc\u00e8s restreint, m\u00e9moriser les \u00e9l\u00e9ments qui composent une commande, effectuer le processus d&#039;achat d&#039;une commande, faire la demande d&#039;inscription ou de participation \u00e0 un \u00e9v\u00e9nement, utiliser des \u00e9l\u00e9ments de s\u00e9curit\u00e9 lors de la navigation, stocker du contenu pour la diffusion de vid\u00e9os ou diffuser ou partager du contenu via les r\u00e9seaux sociaux.<\/li><li><strong>Cookies de personnalisation<\/strong>: Ce sont ceux qui permettent \u00e0 l&#039;utilisateur d&#039;acc\u00e9der au service avec certaines caract\u00e9ristiques g\u00e9n\u00e9rales pr\u00e9d\u00e9finies bas\u00e9es sur une s\u00e9rie de crit\u00e8res dans le terminal de l&#039;utilisateur, tels que la langue, le type de navigateur par lequel ils acc\u00e8dent au service, la configuration r\u00e9gional d&#039;o\u00f9 vous acc\u00e9dez au service, etc.<\/li><li><strong>Cookies d&#039;analyse<\/strong>: Ce sont ceux qui, bien trait\u00e9s par nous ou par des tiers, nous permettent de quantifier le nombre d&#039;utilisateurs et ainsi de r\u00e9aliser la mesure statistique et l&#039;analyse de l&#039;utilisation que les utilisateurs font du service offert. Pour cela, votre navigation sur notre site est analys\u00e9e afin d&#039;am\u00e9liorer l&#039;offre de produits ou services que nous proposons.<\/li><li><strong>Cookies publicitaires<\/strong>: Ce sont ceux qui, bien trait\u00e9s par nous ou par des tiers, nous permettent de g\u00e9rer de la mani\u00e8re la plus efficace possible l&#039;offre des espaces publicitaires qui se trouvent sur le site, en adaptant le contenu de l&#039;annonce au contenu du service demand\u00e9 ou \u00e0 l&#039;utilisation qu&#039;il fait de notre site Web. Pour cela, nous pouvons analyser vos habitudes de navigation sur Internet et nous pouvons vous montrer de la publicit\u00e9 li\u00e9e \u00e0 votre profil de navigation.<\/li><li><strong>Cookies publicitaires comportementaux<\/strong>: Ce sont ceux qui permettent la gestion, de la mani\u00e8re la plus efficace possible, des espaces publicitaires que, le cas \u00e9ch\u00e9ant, l&#039;\u00e9diteur a inclus dans une page Web, une application ou une plateforme \u00e0 partir de laquelle le service demand\u00e9 est fourni. Ces cookies stockent des informations sur le comportement des utilisateurs obtenues gr\u00e2ce \u00e0 l&#039;observation continue de leurs habitudes de navigation, permettant le d\u00e9veloppement d&#039;un profil sp\u00e9cifique pour afficher des publicit\u00e9s bas\u00e9es sur celui-ci.<\/li><li><strong>Cookies tiers<\/strong>: Ce site\u00a0<strong>https:\/\/www.hotelsetos.es<\/strong>  Vous pouvez utiliser des services tiers qui, au nom de Google, collecteront des informations \u00e0 des fins statistiques, l&#039;utilisation du site par l&#039;utilisateur et pour la fourniture d&#039;autres services li\u00e9s \u00e0 l&#039;activit\u00e9 du site Web et d&#039;autres services Internet.<\/li><\/ul>\n\n\n\n<p>En particulier, ce site Web utilise Google Analytics, un service d&#039;analyse Web fourni par Google, Inc. domicili\u00e9 aux \u00c9tats-Unis et dont le si\u00e8ge social est situ\u00e9 au 1600 Amphitheatre Parkway, Mountain View, Californie 94043. Pour la fourniture de ces services, Google utilise Les cookies qui collectent des informations, y compris l&#039;adresse IP de l&#039;utilisateur, qui seront transmises, trait\u00e9es et stock\u00e9es par Google dans les conditions d\u00e9finies sur le site Web Google.com. Cela comprend la transmission \u00e9ventuelle de ces informations \u00e0 des tiers pour des raisons d&#039;obligation l\u00e9gale ou lorsque ces tiers traitent les informations pour le compte de Google.<\/p>\n\n\n\n<h2 class=\"wp-block-heading\">G\u00c9RER ET REJETER L&#039;UTILISATION DES COOKIES<\/h2>\n\n\n\n<p>\u00c0 tout moment, vous pouvez adapter les param\u00e8tres du navigateur pour g\u00e9rer, refuser l&#039;utilisation des cookies et \u00eatre averti avant leur t\u00e9l\u00e9chargement.<\/p>\n\n\n\n<p>Vous pouvez \u00e9galement adapter les param\u00e8tres afin que le navigateur rejette tout&nbsp;<em>biscuits<\/em>, ou seulement&nbsp;<em>biscuits<\/em>&nbsp;de tiers. Et vous pouvez \u00e9galement supprimer&nbsp;<em>biscuits<\/em>&nbsp;qui font d\u00e9j\u00e0 partie de votre \u00e9quipe.<\/p>\n\n\n\n<p>Pour cela, vous devez tenir compte du fait que vous devrez adapter s\u00e9par\u00e9ment la configuration de chaque navigateur et \u00e9quipement que vous utilisez car, comme nous l&#039;avons d\u00e9j\u00e0 mentionn\u00e9, les cookies sont associ\u00e9s au navigateur, pas \u00e0 la personne.<\/p>\n\n\n\n<p><strong>Google Chrome&nbsp;<\/strong><a href=\"https:\/\/support.google.com\/chrome\/answer\/95647?hl=es-419\">https:\/\/support.google.com\/chrome\/answer\/95647?hl=es-419<\/a><\/p>\n\n\n\n<p><strong>Internet Explorer<\/strong>&nbsp;<a href=\"https:\/\/support.microsoft.com\/es-es\/help\/17442\/windows-internet-explorer-delete-manage-cookies#ie=ie-10\">https:\/\/support.microsoft.com\/es-es\/help\/17442\/windows-internet-explorer-delete-manage-cookies#ie=ie-10<\/a><\/p>\n\n\n\n<p><strong>Mozilla Firefox<\/strong>&nbsp;<a href=\"https:\/\/support.mozilla.org\/es\/kb\/habilitar-y-deshabilitar-cookies-sitios-web-rastrear-preferencias?redirectlocale=es&amp;redirectslug=habilitar-y-deshabilitar-cookies-que-los-sitios-we\">https:\/\/support.mozilla.org\/es\/kb\/habilitar-y-deshabilitar-cookies-sitios-web-rastrear-preferencias?redirectlocale=es&amp;redirectslug=habilitar-y-deshabilitar-cookies-que-los-sitios-we<\/a><\/p>\n\n\n\n<p><strong>Safari aux pommes<\/strong>&nbsp;<a href=\"https:\/\/support.apple.com\/es-es\/HT201265\">https:\/\/support.apple.com\/es-es\/HT201265<\/a><\/p>\n\n\n\n<p>Si vous avez des questions sur cette politique de cookies, vous pouvez nous contacter en nous envoyant un e-mail \u00e0 <strong>gesti\u00f3n@hotelsetos.es<\/strong><\/p>","protected":false},"excerpt":{"rendered":"<p>Si vous souhaitez en savoir plus sur l&#039;utilisation des cookies par ce site https:\/\/www.hotelsetos.es, vous \u00eates au bon endroit. Ensuite, nous allons expliquer ce que sont exactement les cookies\u00a0; quel type de cookies nous utilisons et pourquoi\u00a0; et comment vous pouvez exercer votre droit de configurer votre navigateur et refuser l&#039;utilisation de l&#039;un d&#039;entre eux. Son [\u2026]<\/p>","protected":false},"author":1,"featured_media":0,"parent":0,"menu_order":0,"comment_status":"closed","ping_status":"closed","template":"","meta":{"_et_pb_use_builder":"","_et_pb_old_content":"","_et_gb_content_width":"","footnotes":""},"class_list":["post-5364","page","type-page","status-publish","hentry"],"_links":{"self":[{"href":"https:\/\/www.hotelsetos.es\/fr\/wp-json\/wp\/v2\/pages\/5364"}],"collection":[{"href":"https:\/\/www.hotelsetos.es\/fr\/wp-json\/wp\/v2\/pages"}],"about":[{"href":"https:\/\/www.hotelsetos.es\/fr\/wp-json\/wp\/v2\/types\/page"}],"author":[{"embeddable":true,"href":"https:\/\/www.hotelsetos.es\/fr\/wp-json\/wp\/v2\/users\/1"}],"replies":[{"embeddable":true,"href":"https:\/\/www.hotelsetos.es\/fr\/wp-json\/wp\/v2\/comments?post=5364"}],"version-history":[{"count":2,"href":"https:\/\/www.hotelsetos.es\/fr\/wp-json\/wp\/v2\/pages\/5364\/revisions"}],"predecessor-version":[{"id":5739,"href":"https:\/\/www.hotelsetos.es\/fr\/wp-json\/wp\/v2\/pages\/5364\/revisions\/5739"}],"wp:attachment":[{"href":"https:\/\/www.hotelsetos.es\/fr\/wp-json\/wp\/v2\/media?parent=5364"}],"curies":[{"name":"wp","href":"https:\/\/api.w.org\/{rel}","templated":true}]}}